{"id":9808,"date":"2023-06-09T08:25:26","date_gmt":"2023-06-09T06:25:26","guid":{"rendered":"https:\/\/linoexpress.com\/sk\/?post_type=product&#038;p=9808"},"modified":"2023-12-05T11:45:25","modified_gmt":"2023-12-05T10:45:25","slug":"viacucelovy-termotransferovy-papier-3","status":"publish","type":"product","link":"https:\/\/linoexpress.com\/sk\/produkt\/viacucelovy-termotransferovy-papier-3\/","title":{"rendered":"Viac\u00fa\u010delov\u00fd termotransferov\u00fd papier"},"content":{"rendered":"","protected":false},"excerpt":{"rendered":"<p>Vyrobte si zna\u010dkov\u00fd odev alebo plavky, svoje ob\u013e\u00faben\u00e9 fotografie m\u00f4\u017eete da\u0165 na oble\u010denie za p\u00e1r sek\u00fand, existuje ve\u013ea kombin\u00e1ci\u00ed, v\u0161etko z\u00e1vis\u00ed od va\u0161ej fant\u00e1zie, vyrobte si absol\u00fatne jedine\u010dn\u00e9 tri\u010dk\u00e1!<\/p>\n","protected":false},"featured_media":4699,"comment_status":"closed","ping_status":"closed","template":"","meta":{"inline_featured_image":false},"product_brand":[],"product_cat":[27,15,35],"product_tag":[],"class_list":{"0":"post-9808","1":"product","2":"type-product","3":"status-publish","4":"has-post-thumbnail","6":"product_cat-home","7":"product_cat-uncategorized","8":"product_cat-fun","10":"first","11":"instock","12":"sale","13":"taxable","14":"shipping-taxable","15":"purchasable","16":"product-type-simple"},"acf":[],"_links":{"self":[{"href":"https:\/\/linoexpress.com\/sk\/wp-json\/wp\/v2\/product\/9808","targetHints":{"allow":["GET"]}}],"collection":[{"href":"https:\/\/linoexpress.com\/sk\/wp-json\/wp\/v2\/product"}],"about":[{"href":"https:\/\/linoexpress.com\/sk\/wp-json\/wp\/v2\/types\/product"}],"replies":[{"embeddable":true,"href":"https:\/\/linoexpress.com\/sk\/wp-json\/wp\/v2\/comments?post=9808"}],"wp:featuredmedia":[{"embeddable":true,"href":"https:\/\/linoexpress.com\/sk\/wp-json\/wp\/v2\/media\/4699"}],"wp:attachment":[{"href":"https:\/\/linoexpress.com\/sk\/wp-json\/wp\/v2\/media?parent=9808"}],"wp:term":[{"taxonomy":"product_brand","embeddable":true,"href":"https:\/\/linoexpress.com\/sk\/wp-json\/wp\/v2\/product_brand?post=9808"},{"taxonomy":"product_cat","embeddable":true,"href":"https:\/\/linoexpress.com\/sk\/wp-json\/wp\/v2\/product_cat?post=9808"},{"taxonomy":"product_tag","embeddable":true,"href":"https:\/\/linoexpress.com\/sk\/wp-json\/wp\/v2\/product_tag?post=9808"}],"curies":[{"name":"wp","href":"https:\/\/api.w.org\/{rel}","templated":true}]}}