{"id":9814,"date":"2023-06-09T11:06:48","date_gmt":"2023-06-09T09:06:48","guid":{"rendered":"https:\/\/linoexpress.com\/sk\/?post_type=product&#038;p=9814"},"modified":"2023-06-10T13:46:45","modified_gmt":"2023-06-10T11:46:45","slug":"montessori-kniha-kreativna-sada-na-malovanie","status":"publish","type":"product","link":"https:\/\/linoexpress.com\/sk\/produkt\/montessori-kniha-kreativna-sada-na-malovanie\/","title":{"rendered":"Montessori kniha &#8211; kreat\u00edvna sada na ma\u013eovanie"},"content":{"rendered":"","protected":false},"excerpt":{"rendered":"<p>Nechajte deti prejavi\u0165 svoju kreativitu s touto fantastickou sadou pre r\u00f4zne techniky ma\u013eovania.<\/p>\n","protected":false},"featured_media":9824,"comment_status":"closed","ping_status":"closed","template":"","meta":{"inline_featured_image":false},"product_brand":[],"product_cat":[15],"product_tag":[],"class_list":{"0":"post-9814","1":"product","2":"type-product","3":"status-publish","4":"has-post-thumbnail","6":"product_cat-uncategorized","8":"first","9":"instock","10":"sale","11":"taxable","12":"shipping-taxable","13":"purchasable","14":"product-type-simple"},"acf":[],"_links":{"self":[{"href":"https:\/\/linoexpress.com\/sk\/wp-json\/wp\/v2\/product\/9814","targetHints":{"allow":["GET"]}}],"collection":[{"href":"https:\/\/linoexpress.com\/sk\/wp-json\/wp\/v2\/product"}],"about":[{"href":"https:\/\/linoexpress.com\/sk\/wp-json\/wp\/v2\/types\/product"}],"replies":[{"embeddable":true,"href":"https:\/\/linoexpress.com\/sk\/wp-json\/wp\/v2\/comments?post=9814"}],"wp:featuredmedia":[{"embeddable":true,"href":"https:\/\/linoexpress.com\/sk\/wp-json\/wp\/v2\/media\/9824"}],"wp:attachment":[{"href":"https:\/\/linoexpress.com\/sk\/wp-json\/wp\/v2\/media?parent=9814"}],"wp:term":[{"taxonomy":"product_brand","embeddable":true,"href":"https:\/\/linoexpress.com\/sk\/wp-json\/wp\/v2\/product_brand?post=9814"},{"taxonomy":"product_cat","embeddable":true,"href":"https:\/\/linoexpress.com\/sk\/wp-json\/wp\/v2\/product_cat?post=9814"},{"taxonomy":"product_tag","embeddable":true,"href":"https:\/\/linoexpress.com\/sk\/wp-json\/wp\/v2\/product_tag?post=9814"}],"curies":[{"name":"wp","href":"https:\/\/api.w.org\/{rel}","templated":true}]}}